{"id":2089,"date":"2025-10-14T10:05:13","date_gmt":"2025-10-14T08:05:13","guid":{"rendered":"https:\/\/dynago.hu\/?page_id=2089"},"modified":"2025-10-16T13:15:38","modified_gmt":"2025-10-16T11:15:38","slug":"projects-co-financed-by-the-european-union","status":"publish","type":"page","link":"https:\/\/dynago.hu\/en\/projects-co-financed-by-the-european-union\/","title":{"rendered":"Projects co-financed by the European Union"},"content":{"rendered":"<p><img loading=\"lazy\" decoding=\"async\" class=\"alignnone wp-image-2103 size-full\" src=\"https:\/\/dynago.hu\/wp-content\/uploads\/2025\/10\/kedvezmenyezetti_infoblokk_fekvo_angol_cmyk-1-scaled.png\" alt=\"\" width=\"2560\" height=\"748\" srcset=\"https:\/\/dynago.hu\/wp-content\/uploads\/2025\/10\/kedvezmenyezetti_infoblokk_fekvo_angol_cmyk-1-scaled.png 2560w, https:\/\/dynago.hu\/wp-content\/uploads\/2025\/10\/kedvezmenyezetti_infoblokk_fekvo_angol_cmyk-1-300x88.png 300w, https:\/\/dynago.hu\/wp-content\/uploads\/2025\/10\/kedvezmenyezetti_infoblokk_fekvo_angol_cmyk-1-1030x301.png 1030w, https:\/\/dynago.hu\/wp-content\/uploads\/2025\/10\/kedvezmenyezetti_infoblokk_fekvo_angol_cmyk-1-768x225.png 768w, https:\/\/dynago.hu\/wp-content\/uploads\/2025\/10\/kedvezmenyezetti_infoblokk_fekvo_angol_cmyk-1-1536x449.png 1536w, https:\/\/dynago.hu\/wp-content\/uploads\/2025\/10\/kedvezmenyezetti_infoblokk_fekvo_angol_cmyk-1-2048x599.png 2048w, https:\/\/dynago.hu\/wp-content\/uploads\/2025\/10\/kedvezmenyezetti_infoblokk_fekvo_angol_cmyk-1-1500x438.png 1500w, https:\/\/dynago.hu\/wp-content\/uploads\/2025\/10\/kedvezmenyezetti_infoblokk_fekvo_angol_cmyk-1-705x206.png 705w\" sizes=\"auto, (max-width: 2560px) 100vw, 2560px\" \/><\/p>\n<h1>Project-based corporate operations and management of related areas through an add-on solution developed in Microsoft Business Central<\/h1>\n<p>&nbsp;<\/p>\n<ul>\n<li><strong>Beneficiary name:<\/strong> DynaGo Hungary Korl\u00e1tolt Felel\u0151ss\u00e9g\u0171 T\u00e1rsas\u00e1g<\/li>\n<li><strong>Project title: <\/strong>Project-based corporate operations and management of related areas through an add-on solution developed in Microsoft Business Central<\/li>\n<li><strong>Subject and objective of the development:<\/strong> The goal of the project is to create an enterprise resource planning (ERP) system add-on that, within Microsoft Dynamics 365 Business Central, enables project-based companies to record the data necessary for the administration of their operations and process tracking, while expanding corporate transparency.<\/li>\n<li><strong>Amount of contracted funding: HUF 35,000,000<\/strong><\/li>\n<li><strong>Rate of support:<\/strong> 70%<\/li>\n<li><strong>Project description:<\/strong>\n<ul>\n<li>The ERP system add-on to be developed within the project will include several functional groups, each of which can be used independently or together, while maintaining functional and data integrity.<\/li>\n<li>The process support will extend beyond the registration of basic project data to cover the entire project lifecycle \u2014 including the comparison of planned and actual data, storage and management of project-related documents, advanced mobile device support for inventory and document management, as well as handling project-related approvals and general business processes. The ERP extension to be developed will provide comprehensive support for project tracking and documentation, while general business processes will continue to be managed by the core ERP system through its General Ledger, Inventory Management, Human Resources, Supplier, and Customer modules.<\/li>\n<li>The new ERP add-on solution will closely integrate with the ERP system\u2019s core functions, utilizing, supplementing, and extending the data stored within them. It will also create transactions within those modules as part of business event processing. This integration will eliminate redundant data storage and data entry.<\/li>\n<\/ul>\n<\/li>\n<li><strong>Project completion date:<\/strong> December 31, 2026<\/li>\n<li><strong>Project identification number:<\/strong> DIMOP_PLUSZ-1.1.2\/A-24-2025-00103<\/li>\n<\/ul>\n","protected":false},"excerpt":{"rendered":"<p>Project-based corporate operations and management of related areas through an add-on solution developed in Microsoft Business Central &nbsp; Beneficiary name: DynaGo Hungary Korl\u00e1tolt Felel\u0151ss\u00e9g\u0171 T\u00e1rsas\u00e1g Project title: Project-based corporate operations and management of related areas through an add-on solution developed in Microsoft Business Central Subject and objective of the development: The goal of the project [&hellip;]<\/p>\n","protected":false},"author":3,"featured_media":0,"parent":0,"menu_order":0,"comment_status":"closed","ping_status":"closed","template":"","meta":{"footnotes":""},"class_list":["post-2089","page","type-page","status-publish","hentry"],"yoast_head":"<!-- This site is optimized with the Yoast SEO plugin v17.3 - https:\/\/yoast.com\/wordpress\/plugins\/seo\/ -->\n<title>Projects co-financed by the European Union - Dynago<\/title>\n<meta name=\"robots\" content=\"index, follow, max-snippet:-1, max-image-preview:large, max-video-preview:-1\" \/>\n<link rel=\"canonical\" href=\"https:\/\/dynago.hu\/en\/projects-co-financed-by-the-european-union\/\" \/>\n<meta property=\"og:locale\" content=\"en_US\" \/>\n<meta property=\"og:type\" content=\"article\" \/>\n<meta property=\"og:title\" content=\"Projects co-financed by the European Union - Dynago\" \/>\n<meta property=\"og:description\" content=\"Project-based corporate operations and management of related areas through an add-on solution developed in Microsoft Business Central &nbsp; Beneficiary name: DynaGo Hungary Korl\u00e1tolt Felel\u0151ss\u00e9g\u0171 T\u00e1rsas\u00e1g Project title: Project-based corporate operations and management of related areas through an add-on solution developed in Microsoft Business Central Subject and objective of the development: The goal of the project [&hellip;]\" \/>\n<meta property=\"og:url\" content=\"https:\/\/dynago.hu\/en\/projects-co-financed-by-the-european-union\/\" \/>\n<meta property=\"og:site_name\" content=\"Dynago\" \/>\n<meta property=\"article:modified_time\" content=\"2025-10-16T11:15:38+00:00\" \/>\n<meta property=\"og:image\" content=\"https:\/\/dynago.hu\/wp-content\/uploads\/2025\/10\/kedvezmenyezetti_infoblokk_fekvo_angol_cmyk-1-scaled.png\" \/>\n<meta name=\"twitter:card\" content=\"summary_large_image\" \/>\n<meta name=\"twitter:label1\" content=\"Est. reading time\" \/>\n\t<meta name=\"twitter:data1\" content=\"1 minute\" \/>\n<script type=\"application\/ld+json\" class=\"yoast-schema-graph\">{\"@context\":\"https:\/\/schema.org\",\"@graph\":[{\"@type\":\"WebSite\",\"@id\":\"https:\/\/dynago.hu\/en\/#website\",\"url\":\"https:\/\/dynago.hu\/en\/\",\"name\":\"Dynago\",\"description\":\"Dynago \\u2013 be dynamized!\",\"potentialAction\":[{\"@type\":\"SearchAction\",\"target\":{\"@type\":\"EntryPoint\",\"urlTemplate\":\"https:\/\/dynago.hu\/en\/?s={search_term_string}\"},\"query-input\":\"required name=search_term_string\"}],\"inLanguage\":\"en-US\"},{\"@type\":\"ImageObject\",\"@id\":\"https:\/\/dynago.hu\/en\/projects-co-financed-by-the-european-union\/#primaryimage\",\"inLanguage\":\"en-US\",\"url\":\"https:\/\/dynago.hu\/wp-content\/uploads\/2025\/10\/kedvezmenyezetti_infoblokk_fekvo_angol_cmyk-1-scaled.png\",\"contentUrl\":\"https:\/\/dynago.hu\/wp-content\/uploads\/2025\/10\/kedvezmenyezetti_infoblokk_fekvo_angol_cmyk-1-scaled.png\",\"width\":2560,\"height\":748},{\"@type\":\"WebPage\",\"@id\":\"https:\/\/dynago.hu\/en\/projects-co-financed-by-the-european-union\/#webpage\",\"url\":\"https:\/\/dynago.hu\/en\/projects-co-financed-by-the-european-union\/\",\"name\":\"Projects co-financed by the European Union - Dynago\",\"isPartOf\":{\"@id\":\"https:\/\/dynago.hu\/en\/#website\"},\"primaryImageOfPage\":{\"@id\":\"https:\/\/dynago.hu\/en\/projects-co-financed-by-the-european-union\/#primaryimage\"},\"datePublished\":\"2025-10-14T08:05:13+00:00\",\"dateModified\":\"2025-10-16T11:15:38+00:00\",\"breadcrumb\":{\"@id\":\"https:\/\/dynago.hu\/en\/projects-co-financed-by-the-european-union\/#breadcrumb\"},\"inLanguage\":\"en-US\",\"potentialAction\":[{\"@type\":\"ReadAction\",\"target\":[\"https:\/\/dynago.hu\/en\/projects-co-financed-by-the-european-union\/\"]}]},{\"@type\":\"BreadcrumbList\",\"@id\":\"https:\/\/dynago.hu\/en\/projects-co-financed-by-the-european-union\/#breadcrumb\",\"itemListElement\":[{\"@type\":\"ListItem\",\"position\":1,\"name\":\"Projects co-financed by the European Union\"}]}]}<\/script>\n<!-- \/ Yoast SEO plugin. -->","yoast_head_json":{"title":"Projects co-financed by the European Union - Dynago","robots":{"index":"index","follow":"follow","max-snippet":"max-snippet:-1","max-image-preview":"max-image-preview:large","max-video-preview":"max-video-preview:-1"},"canonical":"https:\/\/dynago.hu\/en\/projects-co-financed-by-the-european-union\/","og_locale":"en_US","og_type":"article","og_title":"Projects co-financed by the European Union - Dynago","og_description":"Project-based corporate operations and management of related areas through an add-on solution developed in Microsoft Business Central &nbsp; Beneficiary name: DynaGo Hungary Korl\u00e1tolt Felel\u0151ss\u00e9g\u0171 T\u00e1rsas\u00e1g Project title: Project-based corporate operations and management of related areas through an add-on solution developed in Microsoft Business Central Subject and objective of the development: The goal of the project [&hellip;]","og_url":"https:\/\/dynago.hu\/en\/projects-co-financed-by-the-european-union\/","og_site_name":"Dynago","article_modified_time":"2025-10-16T11:15:38+00:00","og_image":[{"url":"https:\/\/dynago.hu\/wp-content\/uploads\/2025\/10\/kedvezmenyezetti_infoblokk_fekvo_angol_cmyk-1-scaled.png"}],"twitter_card":"summary_large_image","twitter_misc":{"Est. reading time":"1 minute"},"schema":{"@context":"https:\/\/schema.org","@graph":[{"@type":"WebSite","@id":"https:\/\/dynago.hu\/en\/#website","url":"https:\/\/dynago.hu\/en\/","name":"Dynago","description":"Dynago \u2013 be dynamized!","potentialAction":[{"@type":"SearchAction","target":{"@type":"EntryPoint","urlTemplate":"https:\/\/dynago.hu\/en\/?s={search_term_string}"},"query-input":"required name=search_term_string"}],"inLanguage":"en-US"},{"@type":"ImageObject","@id":"https:\/\/dynago.hu\/en\/projects-co-financed-by-the-european-union\/#primaryimage","inLanguage":"en-US","url":"https:\/\/dynago.hu\/wp-content\/uploads\/2025\/10\/kedvezmenyezetti_infoblokk_fekvo_angol_cmyk-1-scaled.png","contentUrl":"https:\/\/dynago.hu\/wp-content\/uploads\/2025\/10\/kedvezmenyezetti_infoblokk_fekvo_angol_cmyk-1-scaled.png","width":2560,"height":748},{"@type":"WebPage","@id":"https:\/\/dynago.hu\/en\/projects-co-financed-by-the-european-union\/#webpage","url":"https:\/\/dynago.hu\/en\/projects-co-financed-by-the-european-union\/","name":"Projects co-financed by the European Union - Dynago","isPartOf":{"@id":"https:\/\/dynago.hu\/en\/#website"},"primaryImageOfPage":{"@id":"https:\/\/dynago.hu\/en\/projects-co-financed-by-the-european-union\/#primaryimage"},"datePublished":"2025-10-14T08:05:13+00:00","dateModified":"2025-10-16T11:15:38+00:00","breadcrumb":{"@id":"https:\/\/dynago.hu\/en\/projects-co-financed-by-the-european-union\/#breadcrumb"},"inLanguage":"en-US","potentialAction":[{"@type":"ReadAction","target":["https:\/\/dynago.hu\/en\/projects-co-financed-by-the-european-union\/"]}]},{"@type":"BreadcrumbList","@id":"https:\/\/dynago.hu\/en\/projects-co-financed-by-the-european-union\/#breadcrumb","itemListElement":[{"@type":"ListItem","position":1,"name":"Projects co-financed by the European Union"}]}]}},"_links":{"self":[{"href":"https:\/\/dynago.hu\/en\/wp-json\/wp\/v2\/pages\/2089","targetHints":{"allow":["GET"]}}],"collection":[{"href":"https:\/\/dynago.hu\/en\/wp-json\/wp\/v2\/pages"}],"about":[{"href":"https:\/\/dynago.hu\/en\/wp-json\/wp\/v2\/types\/page"}],"author":[{"embeddable":true,"href":"https:\/\/dynago.hu\/en\/wp-json\/wp\/v2\/users\/3"}],"replies":[{"embeddable":true,"href":"https:\/\/dynago.hu\/en\/wp-json\/wp\/v2\/comments?post=2089"}],"version-history":[{"count":6,"href":"https:\/\/dynago.hu\/en\/wp-json\/wp\/v2\/pages\/2089\/revisions"}],"predecessor-version":[{"id":2110,"href":"https:\/\/dynago.hu\/en\/wp-json\/wp\/v2\/pages\/2089\/revisions\/2110"}],"wp:attachment":[{"href":"https:\/\/dynago.hu\/en\/wp-json\/wp\/v2\/media?parent=2089"}],"curies":[{"name":"wp","href":"https:\/\/api.w.org\/{rel}","templated":true}]}}